{"id":1067,"date":"2020-09-11T17:53:50","date_gmt":"2020-09-11T15:53:50","guid":{"rendered":"https:\/\/www.atelier-12douze.com\/?page_id=1067"},"modified":"2021-01-28T15:02:12","modified_gmt":"2021-01-28T14:02:12","slug":"signaletique","status":"publish","type":"page","link":"https:\/\/www.atelier-12douze.com\/index.php\/signaletique\/","title":{"rendered":"Signal\u00e9tique"},"content":{"rendered":"[vc_row][vc_column width=&#8221;8\/12&#8243;][vc_column_text]\n<h2 style=\"text-align: left;\">::: SIGNALETIQUE :::<\/h2>\n<p><strong>\u00catre identifi\u00e9, valoriser, informer ou orienter<\/strong>\u00a0gr\u00e2ce \u00e0 une signal\u00e9tique pertinente, mais aussi\u00a0<strong>habiller des espaces de travail ou de vente<\/strong>, tel est le r\u00f4le de la signal\u00e9tique que vous propose l\u2019Atelier-12Douze.\u00a0 L\u2019utilisation de\u00a0<strong>mat\u00e9riaux adapt\u00e9s, une coh\u00e9rence graphique et de design<\/strong>, fa\u00eetes le choix d\u2019un prestataire \u00e0 votre \u00e9coute et force de proposition.<\/p>\n<p>&nbsp;<\/p>\n<h3>Signal\u00e9tique ext\u00e9rieure<\/h3>\n<h3>Signal\u00e9tique int\u00e9rieure<\/h3>\n<h3>Enseigne<\/h3>\n<h3>Panneaux directionnels<\/h3>\n<h3>RIS &#8211; Relais Infos Services<\/h3>\n<h3>Signal\u00e9tique touristique<\/h3>\n<h3>Conception signal\u00e9tique<\/h3>\n<h3>Fabrication<\/h3>\n<h3>Pose signal\u00e9tique<\/h3>\n[\/vc_column_text][\/vc_column][vc_column width=&#8221;4\/12&#8243;][vc_single_image image=&#8221;1392&#8243; img_size=&#8221;full&#8221;][vc_single_image image=&#8221;981&#8243; img_size=&#8221;full&#8221;][vc_column_text css=&#8221;.vc_custom_1611611207331{padding-top: 18px !important;padding-right: 12px !important;padding-bottom: 36px !important;padding-left: 12px !important;background-color: #9f5c4a !important;}&#8221;]La conception du projet se fait toujours avec un regard aiguis\u00e9 sur la cr\u00e9ation graphique tout en gardant en t\u00eate la production de supports.[\/vc_column_text][vc_single_image image=&#8221;947&#8243; img_size=&#8221;full&#8221;][vc_single_image image=&#8221;946&#8243; img_size=&#8221;full&#8221;][\/vc_column][\/vc_row]\n","protected":false},"excerpt":{"rendered":"<p>[vc_row][vc_column width=&#8221;8\/12&#8243;][vc_column_text] ::: SIGNALETIQUE ::: \u00catre identifi\u00e9, valoriser, informer ou orienter\u00a0gr\u00e2ce \u00e0 une signal\u00e9tique pertinente, mais aussi\u00a0habiller des espaces de travail ou de vente, tel est le r\u00f4le de la signal\u00e9tique que vous propose l\u2019Atelier-12Douze.\u00a0 L\u2019utilisation de\u00a0mat\u00e9riaux adapt\u00e9s, une coh\u00e9rence graphique et de design, fa\u00eetes le choix d\u2019un prestataire \u00e0 votre \u00e9coute et force de [&hellip;]<\/p>\n","protected":false},"author":1,"featured_media":1449,"parent":0,"menu_order":0,"comment_status":"closed","ping_status":"closed","template":"","meta":{"footnotes":""},"class_list":["post-1067","page","type-page","status-publish","has-post-thumbnail","hentry"],"_links":{"self":[{"href":"https:\/\/www.atelier-12douze.com\/index.php\/wp-json\/wp\/v2\/pages\/1067","targetHints":{"allow":["GET"]}}],"collection":[{"href":"https:\/\/www.atelier-12douze.com\/index.php\/wp-json\/wp\/v2\/pages"}],"about":[{"href":"https:\/\/www.atelier-12douze.com\/index.php\/wp-json\/wp\/v2\/types\/page"}],"author":[{"embeddable":true,"href":"https:\/\/www.atelier-12douze.com\/index.php\/wp-json\/wp\/v2\/users\/1"}],"replies":[{"embeddable":true,"href":"https:\/\/www.atelier-12douze.com\/index.php\/wp-json\/wp\/v2\/comments?post=1067"}],"version-history":[{"count":70,"href":"https:\/\/www.atelier-12douze.com\/index.php\/wp-json\/wp\/v2\/pages\/1067\/revisions"}],"predecessor-version":[{"id":1587,"href":"https:\/\/www.atelier-12douze.com\/index.php\/wp-json\/wp\/v2\/pages\/1067\/revisions\/1587"}],"wp:featuredmedia":[{"embeddable":true,"href":"https:\/\/www.atelier-12douze.com\/index.php\/wp-json\/wp\/v2\/media\/1449"}],"wp:attachment":[{"href":"https:\/\/www.atelier-12douze.com\/index.php\/wp-json\/wp\/v2\/media?parent=1067"}],"curies":[{"name":"wp","href":"https:\/\/api.w.org\/{rel}","templated":true}]}}