{"id":144,"date":"2016-11-04T13:44:29","date_gmt":"2016-11-04T13:44:29","guid":{"rendered":"http:\/\/webredox.net\/demo\/wp\/waldo\/?page_id=144"},"modified":"2025-01-13T16:15:53","modified_gmt":"2025-01-13T15:15:53","slug":"home","status":"publish","type":"page","link":"https:\/\/www.atelier-12douze.com\/","title":{"rendered":"Home"},"content":{"rendered":"[vc_row][vc_column width=&#8221;1\/3&#8243;]<div class=\"col-md-6 col-md-height col-md-middle\" style=\" background-color:  ;\"><div class=\"split-box-content \" style=\"color: #000000;\"><div class=\"padding-30\" >\n<h3 style=\"text-align: center;\">::: COMMUNICATION :::<\/h3>\n<p class=\"p1\" style=\"text-align: center;\"><span class=\"s1\">Atelier-12Douze propose des <strong>solutions efficaces<\/strong> et un <strong>accompagnement dans votre strat\u00e9gie<\/strong> pour lancer une <strong>op\u00e9ration de communication cibl\u00e9e<\/strong>, privil\u00e9gier un support plut\u00f4t qu&#8217;un autre, <strong>valoriser votre image de marque<\/strong> ou <strong>accro\u00eetre votre visibilit\u00e9<\/strong>. Que vous soyez une entreprise toute neuve ou une structure d\u00e9j\u00e0 bien install\u00e9e !<\/span><\/p>\n<p style=\"text-align: center;\"><em>#logo #chartegraphique #plaquette #flyer #rollup #supportdecommunication #r\u00e9dactiondecontenu<\/em><\/p>\n<\/div><\/div><\/div>[\/vc_column][vc_column width=&#8221;1\/3&#8243;]<div class=\"col-md-6 col-md-height col-md-middle\" style=\" background-color:  ;\"><div class=\"split-box-content \" style=\"color: #0f0f0f;\"><div class=\"padding-30\" >\n<h3 style=\"text-align: center;\">::: CONCEPTION :::<\/h3>\n<p style=\"text-align: center;\">Artisan, PME, station de ski, entreprise, groupe international ou communaut\u00e9 de communes&#8230; cette diversit\u00e9 de clients offre des <strong>th\u00e9matiques et univers de cr\u00e9ation vari\u00e9s<\/strong>. Tout ceci va <strong>au-del\u00e0 d&#8217;une prestation de services<\/strong>, il s&#8217;agit d&#8217;un <strong>\u00e9change <\/strong>et d&#8217;une <strong>collaboration<\/strong> pour aboutir \u00e0 un projet qui vous donne enti\u00e8re satisfaction, et auquel vous vous identifiez pleinement.<\/p>\n<p style=\"text-align: center;\"><em>#personnalisation #sp\u00e9cifique #unique #surmesure #pr\u00eat\u00e0fabriquer<\/em><\/p>\n<\/div><\/div><\/div>[\/vc_column][vc_column width=&#8221;1\/3&#8243;]<div class=\"col-md-6 col-md-height col-md-middle\" style=\" \"><div class=\"split-box-content \" style=\"color: #0f0f0f;\"><div class=\"padding-30\" >\n<h3 style=\"text-align: center;\">::: SIGNAL\u00c9TIQUE :::<\/h3>\n<p style=\"text-align: center;\"><strong>\u00catre identifi\u00e9, valoriser, informer ou orienter<\/strong> gr\u00e2ce \u00e0 une signal\u00e9tique pertinente, mais aussi <strong>habiller des espaces de travail ou de vente<\/strong>, tel est le r\u00f4le de la signal\u00e9tique que vous propose l&#8217;Atelier-12Douze. L&#8217;utilisation de <strong>mat\u00e9riaux adapt\u00e9s, une coh\u00e9rence graphique et de design<\/strong>, fa\u00eetes le choix d&#8217;un prestataire \u00e0 votre \u00e9coute et force de proposition.<\/p>\n<p style=\"text-align: center;\"><em>#signal\u00e9tiqueint\u00e9rieure #signal\u00e9tiqueext\u00e9rieure <\/em><em>#\u00e9v\u00e9nementiel #signal\u00e9tiquetouristique <\/em><em>#\u00e9tude #production #pose<\/em><\/p>\n<\/div><\/div><\/div>[\/vc_column][\/vc_row][vc_row][vc_column]<section id=\"portfolio-list-section\"><div class=\"isotope-wrap\"><div class=\"isotope col-3 \"><div class=\"isotope-items-wrap pli-caption-alter loadmore-wrapper\" data-load-item=\"20\" data-button-text=\"En voir +\"><div class=\"grid-sizer\"><\/div><div class=\"isotope-item iso-height-1\"><a href=\"https:\/\/www.atelier-12douze.com\/index.php\/portfolio\/enseigne-bois-chocolatier\/\" class=\"portfolio-list-item bg-image\" style=\"background-image: url(https:\/\/www.atelier-12douze.com\/wp-content\/uploads\/2025\/02\/A-12Douze-enseigne-lettres-decoupees.jpg); background-position: 50% 50%\"><div class=\"pli-hover\"><div class=\"pli-caption\"><div><h2 class=\"pli-title\">Enseigne bois lumineuse<\/h2><\/div><div><span class=\"pli-category\"><span class=\"cat-divider\">Signal\u00e9tique  <\/span><\/span><\/div><\/div><div class=\"pli-arrow\"><\/div><\/div><\/a><\/div><div class=\"isotope-item iso-height-1\"><a href=\"https:\/\/www.atelier-12douze.com\/index.php\/portfolio\/conception-supports-de-communication\/\" class=\"portfolio-list-item bg-image\" style=\"background-image: url(https:\/\/www.atelier-12douze.com\/wp-content\/uploads\/2023\/10\/A-12Douze-conception-support-expo.jpg); background-position: 50% 50%\"><div class=\"pli-hover\"><div class=\"pli-caption\"><div><h2 class=\"pli-title\">Conception supports de communication<\/h2><\/div><div><span class=\"pli-category\"><span class=\"cat-divider\">Conception graphique  <\/span><span class=\"cat-divider\">Projets Sp\u00e9ciaux  <\/span><\/span><\/div><\/div><div class=\"pli-arrow\"><\/div><\/div><\/a><\/div><div class=\"isotope-item iso-height-1\"><a href=\"https:\/\/www.atelier-12douze.com\/index.php\/portfolio\/creation-logo-carte-de-visite\/\" class=\"portfolio-list-item bg-image\" style=\"background-image: url(https:\/\/www.atelier-12douze.com\/wp-content\/uploads\/2023\/10\/A-12Douze-crea-logo-et-carte-visite.jpg); background-position: 50% 50%\"><div class=\"pli-hover\"><div class=\"pli-caption\"><div><h2 class=\"pli-title\">Cr\u00e9ation logo &#038; carte de visite<\/h2><\/div><div><span class=\"pli-category\"><span class=\"cat-divider\">Conception graphique  <\/span><span class=\"cat-divider\">Print  <\/span><\/span><\/div><\/div><div class=\"pli-arrow\"><\/div><\/div><\/a><\/div><div class=\"isotope-item iso-height-2\"><a href=\"https:\/\/www.atelier-12douze.com\/index.php\/portfolio\/conception-signaletique-erp\/\" class=\"portfolio-list-item bg-image\" style=\"background-image: url(https:\/\/www.atelier-12douze.com\/wp-content\/uploads\/2023\/10\/A-12Douze-totem-accueil.jpg); background-position: 50% 50%\"><div class=\"pli-hover\"><div class=\"pli-caption\"><div><h2 class=\"pli-title\">Conception signal\u00e9tique ERP<\/h2><\/div><div><span class=\"pli-category\"><span class=\"cat-divider\">Conception graphique  <\/span><span class=\"cat-divider\">Signal\u00e9tique  <\/span><\/span><\/div><\/div><div class=\"pli-arrow\"><\/div><\/div><\/a><\/div><div class=\"isotope-item iso-height-1\"><a href=\"https:\/\/www.atelier-12douze.com\/index.php\/portfolio\/lettrage-relief\/\" class=\"portfolio-list-item bg-image\" style=\"background-image: url(https:\/\/www.atelier-12douze.com\/wp-content\/uploads\/2021\/02\/A-12Douze-logo-relief-panneau-compact.jpg); background-position: 50% 50%\"><div class=\"pli-hover\"><div class=\"pli-caption\"><div><h2 class=\"pli-title\">Lettrage relief<\/h2><\/div><div><span class=\"pli-category\"><span class=\"cat-divider\">Signal\u00e9tique  <\/span><\/span><\/div><\/div><div class=\"pli-arrow\"><\/div><\/div><\/a><\/div><div class=\"isotope-item iso-height-1\"><a href=\"https:\/\/www.atelier-12douze.com\/index.php\/portfolio\/enseigne-lettrage-et-gravure-bois\/\" class=\"portfolio-list-item bg-image\" style=\"background-image: url(https:\/\/www.atelier-12douze.com\/wp-content\/uploads\/2021\/01\/A12-DOUZE-enseigne-lettrage-bois-decoupe.jpg); background-position: 50% 50%\"><div class=\"pli-hover\"><div class=\"pli-caption\"><div><h2 class=\"pli-title\">Enseigne lettrage et gravure bois<\/h2><\/div><div><span class=\"pli-category\"><span class=\"cat-divider\">Signal\u00e9tique  <\/span><\/span><\/div><\/div><div class=\"pli-arrow\"><\/div><\/div><\/a><\/div><div class=\"isotope-item iso-height-1\"><a href=\"https:\/\/www.atelier-12douze.com\/index.php\/portfolio\/supports-de-communication\/\" class=\"portfolio-list-item bg-image\" style=\"background-image: url(https:\/\/www.atelier-12douze.com\/wp-content\/uploads\/2020\/10\/A12-DOUZE-support-de-communication.jpg); background-position: 50% 50%\"><div class=\"pli-hover\"><div class=\"pli-caption\"><div><h2 class=\"pli-title\">Supports de communication<\/h2><\/div><div><span class=\"pli-category\"><span class=\"cat-divider\">Conception graphique  <\/span><span class=\"cat-divider\">Print  <\/span><\/span><\/div><\/div><div class=\"pli-arrow\"><\/div><\/div><\/a><\/div><div class=\"isotope-item iso-height-1\"><a href=\"https:\/\/www.atelier-12douze.com\/index.php\/portfolio\/scenographie-communication-interne\/\" class=\"portfolio-list-item bg-image\" style=\"background-image: url(https:\/\/www.atelier-12douze.com\/wp-content\/uploads\/2020\/09\/A12-DOUZE-communication-scenographie.jpg); background-position: 50% 50%\"><div class=\"pli-hover\"><div class=\"pli-caption\"><div><h2 class=\"pli-title\">Sc\u00e9nographie &#038; communication interne<\/h2><\/div><div><span class=\"pli-category\"><span class=\"cat-divider\">Projets Sp\u00e9ciaux  <\/span><\/span><\/div><\/div><div class=\"pli-arrow\"><\/div><\/div><\/a><\/div><div class=\"isotope-item iso-height-1\"><a href=\"https:\/\/www.atelier-12douze.com\/index.php\/portfolio\/depliant\/\" class=\"portfolio-list-item bg-image\" style=\"background-image: url(https:\/\/www.atelier-12douze.com\/wp-content\/uploads\/2020\/10\/A12-DOUZE-communication-plaquette-scaled.jpg); background-position: 50% 50%\"><div class=\"pli-hover\"><div class=\"pli-caption\"><div><h2 class=\"pli-title\">D\u00e9pliant<\/h2><\/div><div><span class=\"pli-category\"><span class=\"cat-divider\">Conception graphique  <\/span><span class=\"cat-divider\">Print  <\/span><\/span><\/div><\/div><div class=\"pli-arrow\"><\/div><\/div><\/a><\/div><div class=\"isotope-item iso-height-2\"><a href=\"https:\/\/www.atelier-12douze.com\/index.php\/portfolio\/support-de-communication-recycle\/\" class=\"portfolio-list-item bg-image\" style=\"background-image: url(https:\/\/www.atelier-12douze.com\/wp-content\/uploads\/2020\/09\/Atelier-12Douze-creation-de-logo.jpg); background-position: 50% 50%\"><div class=\"pli-hover\"><div class=\"pli-caption\"><div><h2 class=\"pli-title\">Support de communication<\/h2><\/div><div><span class=\"pli-category\"><span class=\"cat-divider\">Conception graphique  <\/span><span class=\"cat-divider\">Print  <\/span><\/span><\/div><\/div><div class=\"pli-arrow\"><\/div><\/div><\/a><\/div><div class=\"isotope-item iso-height-1\"><a href=\"https:\/\/www.atelier-12douze.com\/index.php\/portfolio\/signaletique-touristique-montagne\/\" class=\"portfolio-list-item bg-image\" style=\"background-image: url(https:\/\/www.atelier-12douze.com\/wp-content\/uploads\/2020\/09\/A12-DOUZE-signaletique-bi-mats.jpg); background-position: 50% 50%\"><div class=\"pli-hover\"><div class=\"pli-caption\"><div><h2 class=\"pli-title\">Signal\u00e9tique touristique montagne<\/h2><\/div><div><span class=\"pli-category\"><span class=\"cat-divider\">Signal\u00e9tique Touristique  <\/span><\/span><\/div><\/div><div class=\"pli-arrow\"><\/div><\/div><\/a><\/div><div class=\"isotope-item iso-height-1\"><a href=\"https:\/\/www.atelier-12douze.com\/index.php\/portfolio\/enseigne-commerce\/\" class=\"portfolio-list-item bg-image\" style=\"background-image: url(https:\/\/www.atelier-12douze.com\/wp-content\/uploads\/2020\/09\/Atelier-12Douze-enseigne-commerce-1.jpg); background-position: 50% 50%\"><div class=\"pli-hover\"><div class=\"pli-caption\"><div><h2 class=\"pli-title\">Enseigne commerce<\/h2><\/div><div><span class=\"pli-category\"><span class=\"cat-divider\">Signal\u00e9tique  <\/span><\/span><\/div><\/div><div class=\"pli-arrow\"><\/div><\/div><\/a><\/div><div class=\"isotope-item iso-height-1\"><a href=\"https:\/\/www.atelier-12douze.com\/index.php\/portfolio\/communication-interne-packaging\/\" class=\"portfolio-list-item bg-image\" style=\"background-image: url(https:\/\/www.atelier-12douze.com\/wp-content\/uploads\/2016\/11\/atelier-12douze.com-STGM-packaging-box-carton.jpg); background-position: 50% 50%\"><div class=\"pli-hover\"><div class=\"pli-caption\"><div><h2 class=\"pli-title\">Communication interne &#038; packaging<\/h2><\/div><div><span class=\"pli-category\"><span class=\"cat-divider\">Conception graphique  <\/span><span class=\"cat-divider\">Projets Sp\u00e9ciaux  <\/span><\/span><\/div><\/div><div class=\"pli-arrow\"><\/div><\/div><\/a><\/div><div class=\"isotope-item iso-height-2\"><a href=\"https:\/\/www.atelier-12douze.com\/index.php\/portfolio\/signaletique-touristique-patrimoniale\/\" class=\"portfolio-list-item bg-image\" style=\"background-image: url(https:\/\/www.atelier-12douze.com\/wp-content\/uploads\/2016\/11\/A12-DOUZE-mobilier-piste-cyclable.jpg); background-position: 50% 50%\"><div class=\"pli-hover\"><div class=\"pli-caption\"><div><h2 class=\"pli-title\">Signal\u00e9tique touristique &#038; patrimoniale<\/h2><\/div><div><span class=\"pli-category\"><span class=\"cat-divider\">Signal\u00e9tique Touristique  <\/span><\/span><\/div><\/div><div class=\"pli-arrow\"><\/div><\/div><\/a><\/div><div class=\"isotope-item iso-height-1\"><a href=\"https:\/\/www.atelier-12douze.com\/index.php\/portfolio\/creation-graphique-evenementielle\/\" class=\"portfolio-list-item bg-image\" style=\"background-image: url(https:\/\/www.atelier-12douze.com\/wp-content\/uploads\/2016\/11\/A12-DOUZE-depliant-evenementiel-scaled.jpg); background-position: 50% 50%\"><div class=\"pli-hover\"><div class=\"pli-caption\"><div><h2 class=\"pli-title\">Cr\u00e9ation graphique \u00e9v\u00e8nementielle<\/h2><\/div><div><span class=\"pli-category\"><span class=\"cat-divider\">Conception graphique  <\/span><span class=\"cat-divider\">Print  <\/span><\/span><\/div><\/div><div class=\"pli-arrow\"><\/div><\/div><\/a><\/div><div class=\"isotope-item iso-height-1\"><a href=\"https:\/\/www.atelier-12douze.com\/index.php\/portfolio\/scenographie-signaletique\/\" class=\"portfolio-list-item bg-image\" style=\"background-image: url(https:\/\/www.atelier-12douze.com\/wp-content\/uploads\/2016\/11\/A12-DOUZE-signaletique-domaine-skiable.jpg); background-position: 50% 50%\"><div class=\"pli-hover\"><div class=\"pli-caption\"><div><h2 class=\"pli-title\">Sc\u00e9nographie &#038; signal\u00e9tique<\/h2><\/div><div><span class=\"pli-category\"><span class=\"cat-divider\">Projets Sp\u00e9ciaux  <\/span><span class=\"cat-divider\">Signal\u00e9tique Touristique  <\/span><\/span><\/div><\/div><div class=\"pli-arrow\"><\/div><\/div><\/a><\/div><div class=\"isotope-item iso-height-2\"><a href=\"https:\/\/www.atelier-12douze.com\/index.php\/portfolio\/decorations-triporteur\/\" class=\"portfolio-list-item bg-image\" style=\"background-image: url(https:\/\/www.atelier-12douze.com\/wp-content\/uploads\/2016\/11\/A12-DOUZE-decoration-triporteur-scaled.jpg); background-position: 50% 50%\"><div class=\"pli-hover\"><div class=\"pli-caption\"><div><h2 class=\"pli-title\">D\u00e9corations triporteur<\/h2><\/div><div><span class=\"pli-category\"><span class=\"cat-divider\">Conception graphique  <\/span><span class=\"cat-divider\">Signal\u00e9tique  <\/span><\/span><\/div><\/div><div class=\"pli-arrow\"><\/div><\/div><\/a><\/div><div class=\"isotope-item iso-height-1\"><a href=\"https:\/\/www.atelier-12douze.com\/index.php\/portfolio\/totems-ludiques-interactifs\/\" class=\"portfolio-list-item bg-image\" style=\"background-image: url(https:\/\/www.atelier-12douze.com\/wp-content\/uploads\/2016\/11\/Atelier12-DOUZE-totem-interactif-ludique.jpg); background-position: 50% 50%\"><div class=\"pli-hover\"><div class=\"pli-caption\"><div><h2 class=\"pli-title\">Totems ludiques &#038; interactifs<\/h2><\/div><div><span class=\"pli-category\"><span class=\"cat-divider\">Projets Sp\u00e9ciaux  <\/span><span class=\"cat-divider\">Signal\u00e9tique Touristique  <\/span><\/span><\/div><\/div><div class=\"pli-arrow\"><\/div><\/div><\/a><\/div><div class=\"isotope-item iso-height-1\"><a href=\"https:\/\/www.atelier-12douze.com\/index.php\/portfolio\/identite-visuelle\/\" class=\"portfolio-list-item bg-image\" style=\"background-image: url(https:\/\/www.atelier-12douze.com\/wp-content\/uploads\/2016\/11\/A12-DOUZE-creation-logotype-SAGE-scaled.jpg); background-position: 50% 50%\"><div class=\"pli-hover\"><div class=\"pli-caption\"><div><h2 class=\"pli-title\">Identit\u00e9 visuelle<\/h2><\/div><div><span class=\"pli-category\"><span class=\"cat-divider\">Conception graphique  <\/span><span class=\"cat-divider\">Print  <\/span><\/span><\/div><\/div><div class=\"pli-arrow\"><\/div><\/div><\/a><\/div><div class=\"isotope-item iso-height-1\"><a href=\"https:\/\/www.atelier-12douze.com\/index.php\/portfolio\/plaquette-commerciale\/\" class=\"portfolio-list-item bg-image\" style=\"background-image: url(https:\/\/www.atelier-12douze.com\/wp-content\/uploads\/2020\/09\/A12-DOUZE-logo-agence-immobiliere.jpg); background-position: 50% 50%\"><div class=\"pli-hover\"><div class=\"pli-caption\"><div><h2 class=\"pli-title\">Plaquette institutionelle<\/h2><\/div><div><span class=\"pli-category\"><span class=\"cat-divider\">Conception graphique  <\/span><span class=\"cat-divider\">Print  <\/span><\/span><\/div><\/div><div class=\"pli-arrow\"><\/div><\/div><\/a><\/div><\/div><\/div><\/div><\/section>[\/vc_column][\/vc_row]\n","protected":false},"excerpt":{"rendered":"<p>[vc_row][vc_column width=&#8221;1\/3&#8243;][\/vc_column][vc_column width=&#8221;1\/3&#8243;][\/vc_column][vc_column width=&#8221;1\/3&#8243;][\/vc_column][\/vc_row][vc_row][vc_column][\/vc_column][\/vc_row]<\/p>\n","protected":false},"author":1,"featured_media":1693,"parent":0,"menu_order":13,"comment_status":"closed","ping_status":"closed","template":"","meta":{"footnotes":""},"class_list":["post-144","page","type-page","status-publish","has-post-thumbnail","hentry"],"_links":{"self":[{"href":"https:\/\/www.atelier-12douze.com\/index.php\/wp-json\/wp\/v2\/pages\/144","targetHints":{"allow":["GET"]}}],"collection":[{"href":"https:\/\/www.atelier-12douze.com\/index.php\/wp-json\/wp\/v2\/pages"}],"about":[{"href":"https:\/\/www.atelier-12douze.com\/index.php\/wp-json\/wp\/v2\/types\/page"}],"author":[{"embeddable":true,"href":"https:\/\/www.atelier-12douze.com\/index.php\/wp-json\/wp\/v2\/users\/1"}],"replies":[{"embeddable":true,"href":"https:\/\/www.atelier-12douze.com\/index.php\/wp-json\/wp\/v2\/comments?post=144"}],"version-history":[{"count":65,"href":"https:\/\/www.atelier-12douze.com\/index.php\/wp-json\/wp\/v2\/pages\/144\/revisions"}],"predecessor-version":[{"id":1695,"href":"https:\/\/www.atelier-12douze.com\/index.php\/wp-json\/wp\/v2\/pages\/144\/revisions\/1695"}],"wp:featuredmedia":[{"embeddable":true,"href":"https:\/\/www.atelier-12douze.com\/index.php\/wp-json\/wp\/v2\/media\/1693"}],"wp:attachment":[{"href":"https:\/\/www.atelier-12douze.com\/index.php\/wp-json\/wp\/v2\/media?parent=144"}],"curies":[{"name":"wp","href":"https:\/\/api.w.org\/{rel}","templated":true}]}}