{"id":1453,"date":"2021-01-22T15:24:42","date_gmt":"2021-01-22T14:24:42","guid":{"rendered":"https:\/\/www.atelier-12douze.com\/?page_id=1453"},"modified":"2025-01-14T10:42:12","modified_gmt":"2025-01-14T09:42:12","slug":"la-boite-a-idees","status":"publish","type":"page","link":"https:\/\/www.atelier-12douze.com\/index.php\/la-boite-a-idees\/","title":{"rendered":"La Bo\u00eete \u00e0 id\u00e9es"},"content":{"rendered":"[vc_row][vc_column width=&#8221;1\/2&#8243;]<div class=\"col-md-6 col-md-height col-md-middle\" style=\" \"><div class=\"split-box-content \" ><div class=\"padding-30\" >\n<h3>::: A l&#8217;\u00e9coute<\/h3>\n<p>L\u00e0 o\u00f9 tout commence, car c&#8217;est une <strong>\u00e9tape cruciale<\/strong> ! Nous int\u00e9grons <strong>vos attentes et vos besoins<\/strong> et d\u00e9finissons ensemble un <strong>cahier des charges correspondant \u00e0 votre projet<\/strong>. B\u00e9n\u00e9ficiant d&#8217;une <strong>expertise de 15 ans<\/strong> dans le milieu de la communication, du graphisme et de la signal\u00e9tique, nous affinons vos besoins et conseillons sur des choix de <strong>positionnement<\/strong> de marque ou sur la <strong>strat\u00e9gie de valorisation<\/strong> de votre image.<\/p>\n<blockquote><p>Que vous soyez une entreprise toute neuve ou une structure d\u00e9j\u00e0 bien install\u00e9e, comprendre vos besoins fait partie int\u00e9grante de notre m\u00e9tier<\/p><\/blockquote>\n<p>Savoir <strong>conjuguer attentes, besoins et propositions<\/strong> est un plaisir. C&#8217;est un exercice que nous aimons tout particuli\u00e8rement et c&#8217;est ce qui fait le bon fonctionnement de l&#8217;Atelier-12Douze.<\/div><\/div><\/div>[\/vc_column][vc_column width=&#8221;1\/2&#8243;]<div class=\"col-md-6 col-md-height split-box-image no-padding bg-image\" style=\"background-image: url(https:\/\/www.atelier-12douze.com\/wp-content\/uploads\/2020\/08\/A12-DOUZE-totem-ludique-interactif.jpg); background-position: 50% 50%;\"><div class=\"sbi-height padding-height-85\" ><\/div><\/div>[\/vc_column][\/vc_row][vc_row][vc_column width=&#8221;1\/2&#8243;]<div class=\"col-md-6 col-md-height split-box-image no-padding bg-image\" style=\"background-image: url(https:\/\/www.atelier-12douze.com\/wp-content\/uploads\/2016\/11\/A12-DOUZE-adhesif-vitrine.jpg); background-position: 50% 50%;\"><div class=\"sbi-height padding-height-85\" ><\/div><\/div>[\/vc_column][vc_column width=&#8221;1\/2&#8243;]<div class=\"col-md-6 col-md-height col-md-middle\" style=\" \"><div class=\"split-box-content \" ><div class=\"padding-30\" >\n<h3>::: Force de propositions<\/h3>\n<p>Une fois la premi\u00e8re \u00e9tape lanc\u00e9e, voire m\u00eame bien avanc\u00e9e, voici arriver l&#8217;\u00e8re des <strong>premi\u00e8res propositions<\/strong>. On entre alors dans le vif du sujet. Issu d&#8217;un <strong>parcours atypique<\/strong> et poss\u00e9dant une <strong>ouverture d&#8217;esprit<\/strong> propre \u00e0 son caract\u00e8re curieux, l&#8217;Atelier-12Douze saura vous <strong>proposer des incarnations graphiques<\/strong> et la mise en valeur de vos projets. C&#8217;est un v\u00e9ritable liet motiv que de <strong>s&#8217;immerger dans votre univers pour en faire sortir le meilleur<\/strong>.<\/p>\n<blockquote><p>Apr\u00e8s l&#8217;int\u00e9gration du brief, l&#8217;\u00e9tape des propositions est l\u00e0. Elle permettra de NOUS guider sur un chemin commun et qui m\u00e8nera au choix le plus pertinent.<\/p><\/blockquote>\n<p><strong>Profitez de notre expertise<\/strong> pour faire le bon choix tout en \u00e9tant ma\u00eetre \u00e0 bord, du d\u00e9but \u00e0 la fin !<\/div><\/div><\/div>[\/vc_column][\/vc_row][vc_row][vc_column width=&#8221;1\/2&#8243;]<div class=\"col-md-6 col-md-height col-md-middle\" style=\" \"><div class=\"split-box-content \" ><div class=\"padding-30\" >\n<h3>::: Des solutions ajust\u00e9es<\/h3>\n<p>Les propositions de l&#8217;\u00e9tape pr\u00e9c\u00e9dente et leur affinage nous m\u00e8nent \u00e0 l&#8217;\u00e9tape des <strong>solutions<\/strong>. Il est alors temps de r\u00e9pondre aux derni\u00e8res exigences et probl\u00e9matiques li\u00e9es au projet. La force d&#8217;Atelier-12Douze va \u00eatre de vous guider sur des <strong>solutions adapt\u00e9es et pertinentes<\/strong>.<\/p>\n<blockquote><p>Nous nous engageons \u00e0 servir votre projet en mettant en action tous les moyens \u00e0 notre disposition pour cette \u00e9tape si importante avant la mise en production.<\/p><\/blockquote>\n<p>Il s&#8217;agit de <strong>poser les choses<\/strong> et de les valider d\u00e9finitivement avant la <strong>phase de production<\/strong>. Prenant en compte les <strong>contraintes techniques<\/strong> inh\u00e9rentes \u00e0 votre projet, les <strong>solutions apport\u00e9es par l&#8217;Atelier-12Douze<\/strong> permettent de vous reposer enti\u00e8rement sur un <strong>prestataire s\u00e9rieux et professionnel<\/strong>.<\/div><\/div><\/div>[\/vc_column][vc_column width=&#8221;1\/2&#8243;]<div class=\"col-md-6 col-md-height split-box-image no-padding bg-image\" style=\"background-image: url(https:\/\/www.atelier-12douze.com\/wp-content\/uploads\/2020\/08\/A12-DOUZE-gravure-resine-compacte-scaled.jpg); background-position: 50% 50%;\"><div class=\"sbi-height padding-height-85\" ><\/div><\/div>[\/vc_column][\/vc_row][vc_row][vc_column width=&#8221;1\/2&#8243;]<div class=\"col-md-6 col-md-height col-md-middle bg-dark bg-image\" style=\"background-image: url(); background-position: 50% 50%;\"><div class=\"contact-info-wrap\"><div class=\"contact-info\"><p><i class=\"fa fa-home\"><\/i> 11 avenue Saint Roch - Grenoble<\/p><p><i class=\"fa fa-phone\"><\/i> 0603496479<\/p><p><i class=\"fa fa-envelope\"><\/i> email: <a href=\"mailto:contact@atelier-12douze.com\">contact@atelier-12douze.com<\/a><\/p><\/div><div class=\"social-buttons margin-top-20\"><ul><li><a href=\"https:\/\/www.instagram.com\/atelier12douze\" target=\"_blank\" class=\"btn btn-social-min btn-primary-bordered btn-rounded-full\"><i class=\"fab fa-instagram\"><\/i><\/a><\/li><li><a href=\"https:\/\/www.facebook.com\/atelier12douze\/\" target=\"_blank\" class=\"btn btn-social-min btn-primary-bordered btn-rounded-full\"><i class=\"fab fa-facebook\"><\/i><\/a><\/li><li><a href=\"mailto:contact@atelier-12douze.com\" class=\"btn btn-social-min btn-primary-bordered btn-rounded-full\"><i class=\"fa fa-envelope\"><\/i><\/a><\/li><\/ul><\/div><\/div><\/div>[\/vc_column][vc_column width=&#8221;1\/2&#8243;]<div class=\"col-md-6 col-md-height col-md-middle\" style=\" background-color: #d3411c ;\"><div class=\"split-box-content \" ><div class=\"padding-30\" >\n<h2>::: Quoi de + ?<\/h2>\n<p><a class=\"btn btn-dark btn-lg margin-top-30\" href=\"https:\/\/www.atelier-12douze.com\/index.php\/a-propos-atelier12douze\/\">D\u00e9couvrir La Bo\u00eete \u00e0 Outils<\/a><\/p>\n<p><a class=\"btn btn-primary btn-lg margin-top-30\" href=\"https:\/\/www.atelier-12douze.com\/index.php\/contact\/\">Envie d&#8217;en parler ?!<\/a><\/div><\/div><\/div>[\/vc_column][\/vc_row]\n","protected":false},"excerpt":{"rendered":"<p>[vc_row][vc_column width=&#8221;1\/2&#8243;][\/vc_column][vc_column width=&#8221;1\/2&#8243;][\/vc_column][\/vc_row][vc_row][vc_column width=&#8221;1\/2&#8243;][\/vc_column][vc_column width=&#8221;1\/2&#8243;][\/vc_column][\/vc_row][vc_row][vc_column width=&#8221;1\/2&#8243;][\/vc_column][vc_column width=&#8221;1\/2&#8243;][\/vc_column][\/vc_row][vc_row][vc_column width=&#8221;1\/2&#8243;][\/vc_column][vc_column width=&#8221;1\/2&#8243;][\/vc_column][\/vc_row]<\/p>\n","protected":false},"author":1,"featured_media":1472,"parent":0,"menu_order":12,"comment_status":"closed","ping_status":"closed","template":"","meta":{"footnotes":""},"class_list":["post-1453","page","type-page","status-publish","has-post-thumbnail","hentry"],"_links":{"self":[{"href":"https:\/\/www.atelier-12douze.com\/index.php\/wp-json\/wp\/v2\/pages\/1453","targetHints":{"allow":["GET"]}}],"collection":[{"href":"https:\/\/www.atelier-12douze.com\/index.php\/wp-json\/wp\/v2\/pages"}],"about":[{"href":"https:\/\/www.atelier-12douze.com\/index.php\/wp-json\/wp\/v2\/types\/page"}],"author":[{"embeddable":true,"href":"https:\/\/www.atelier-12douze.com\/index.php\/wp-json\/wp\/v2\/users\/1"}],"replies":[{"embeddable":true,"href":"https:\/\/www.atelier-12douze.com\/index.php\/wp-json\/wp\/v2\/comments?post=1453"}],"version-history":[{"count":26,"href":"https:\/\/www.atelier-12douze.com\/index.php\/wp-json\/wp\/v2\/pages\/1453\/revisions"}],"predecessor-version":[{"id":1704,"href":"https:\/\/www.atelier-12douze.com\/index.php\/wp-json\/wp\/v2\/pages\/1453\/revisions\/1704"}],"wp:featuredmedia":[{"embeddable":true,"href":"https:\/\/www.atelier-12douze.com\/index.php\/wp-json\/wp\/v2\/media\/1472"}],"wp:attachment":[{"href":"https:\/\/www.atelier-12douze.com\/index.php\/wp-json\/wp\/v2\/media?parent=1453"}],"curies":[{"name":"wp","href":"https:\/\/api.w.org\/{rel}","templated":true}]}}