{"id":181,"date":"2016-11-04T15:33:44","date_gmt":"2016-11-04T14:33:44","guid":{"rendered":"http:\/\/webredox.net\/demo\/wp\/waldo\/?page_id=181"},"modified":"2026-03-03T16:10:42","modified_gmt":"2026-03-03T15:10:42","slug":"a-propos-atelier12douze","status":"publish","type":"page","link":"https:\/\/www.atelier-12douze.com\/index.php\/a-propos-atelier12douze\/","title":{"rendered":"La Bo\u00eete \u00e0 outils"},"content":{"rendered":"[vc_row][vc_column width=&#8221;1\/2&#8243;]<div class=\"col-md-6 col-md-height split-box-image no-padding bg-image\" style=\"background-image: url(https:\/\/www.atelier-12douze.com\/wp-content\/uploads\/2016\/11\/Atelier12-DOUZE-atelier.jpg); background-position: 50% 50%;\"><div class=\"sbi-height padding-height-85\" ><\/div><\/div>[\/vc_column][vc_column width=&#8221;1\/2&#8243;]<div class=\"col-md-6 col-md-height col-md-middle\" style=\" \"><div class=\"split-box-content \" style=\"color: #000000;\"><div class=\"padding-30\" >\n<h3>::: L&#8217;Atelier-12Douze<\/h3>\n<p class=\"p1\"><span class=\"s1\">Fabriqu\u00e9 durant l&#8217;\u00e9t\u00e9 2015, <strong>Atelier-12Douze<\/strong> est une structure \u00e0 taille humaine qui propose des <strong>solutions pour vos supports de communication<\/strong> et <strong>votre signal\u00e9tique<\/strong>. <\/span><\/p>\n<blockquote>\n<p class=\"p1\"><span class=\"s1\">Le principe de base : r\u00e9aliser une collaboration qui vous offre enti\u00e8re satisfaction !\u00a0<\/span><\/p>\n<\/blockquote>\n<p>Mais il n&#8217;y a pas que la <strong>cr\u00e9ation graphique et la fabrication<\/strong>&#8230; Savoir conseiller en amont, orienter et accompagner un client sur une <strong>technique de fabrication<\/strong> ou des <strong>marquages sp\u00e9cifiques<\/strong> sont \u00e9galement des comp\u00e9tences que vous trouverez dans la Bo\u00eete \u00e0 outils. Le bon choix pour chaque projet, voil\u00e0 ce qui caract\u00e9rise l&#8217;Atelier-12Douze.<\/div><\/div><\/div>[\/vc_column][\/vc_row][vc_row][vc_column width=&#8221;1\/2&#8243;]<div class=\"col-md-6 col-md-height col-md-middle\" style=\" \"><div class=\"split-box-content \" ><div class=\"padding-30\" >\n<h3>::: Ce qui est diff\u00e9rent \u00e0 l&#8217;Atelier-12Douze<\/h3>\n<p class=\"p1\"><span class=\"s1\">Votre projet est unique et l&#8217;Atelier est l\u00e0 pour <strong>r\u00e9pondre \u00e0 vos attentes et vos besoins<\/strong>. Des <strong>\u00e9changes<\/strong>, une <strong>proximit\u00e9<\/strong>, un <strong>large \u00e9ventail de services<\/strong> font d\u2019Atelier-12douze le <strong>partenaire indispensable pour une communication originale et efficace<\/strong>. Il ne s&#8217;agit pas uniquement d&#8217;une prestation de services, mais plut\u00f4t d&#8217;un <strong>\u00e9change<\/strong>, d&#8217;une <strong>collaboration<\/strong> voire m\u00eame d&#8217;une <strong>construction commune<\/strong>. <\/span><\/p>\n<blockquote>\n<p class=\"p1\"><span class=\"s1\">Nous prenons \u00e0 c\u0153ur de vous satisfaire que ce soit pour un projet ponctuel ou au cours d&#8217;une collaboration plus p\u00e9renne.<\/span><\/p>\n<\/blockquote>\n<p class=\"p1\"><span class=\"s1\">De la <strong>conception \u00e0 la production et l&#8217;installation de vos supports<\/strong> sur site, Atelier-12Douze intervient aux <strong>diff\u00e9rentes \u00e9tapes<\/strong> de votre projet.<\/span><\/p>\n<\/div><\/div><\/div>[\/vc_column][vc_column width=&#8221;1\/2&#8243;]<div class=\"col-md-6 col-md-height split-box-image no-padding bg-image\" style=\"background-image: url(https:\/\/www.atelier-12douze.com\/wp-content\/uploads\/2016\/11\/Atelier12-DOUZE-mobilier-ludique-scaled.jpg); background-position: 50% 50%;\"><div class=\"sbi-height padding-height-85\" ><\/div><\/div>[\/vc_column][\/vc_row][vc_row][vc_column width=&#8221;1\/2&#8243;]<div class=\"col-md-6 col-md-height split-box-image no-padding bg-image\" style=\"background-image: url(https:\/\/www.atelier-12douze.com\/wp-content\/uploads\/2020\/09\/A12-DOUZE-vitrophanie-pose.jpg); background-position: 50% 50%;\"><div class=\"sbi-height padding-height-85\" ><\/div><\/div>[\/vc_column][vc_column width=&#8221;1\/2&#8243;]<div class=\"col-md-6 col-md-height col-md-middle\" style=\" \"><div class=\"split-box-content \" ><div class=\"padding-30\" >\n<h3>::: Nous ne sommes pas seuls !<\/h3>\n<p><span class=\"s1\">Atelier-12Douze collabore sur certains projets, en toute transparence, avec <strong>des prestataires locaux<\/strong> essentiellement du bassin Grenoblois et de la r\u00e9gion Auvergne Rh\u00f4ne-Alpes. Et l&#8217;essentiel est l\u00e0 ! Trouver un <strong>r\u00e9seau et mode op\u00e9ratoire au niveau local<\/strong>&#8230;<\/span><\/p>\n<blockquote><p><span class=\"s1\">Imaginer, \u00e9changer, concevoir puis produire serait impossible sans les comp\u00e9tences des professionnels qui m&#8217;entourent. Car m\u00eame si le panel de mon savoir faire s&#8217;\u00e9largit, chacun son m\u00e9tier ! Poser de l&#8217;adh\u00e9sif sur des surfaces courbes ou sur de grands aplats, utiliser une nacelle, graver du bois au 1\/10eme de millim\u00e8tre&#8230; etc, \u00e7a ne s&#8217;improvise pas !<\/span><\/p><\/blockquote>\n<p><span class=\"s1\">C&#8217;est d&#8217;autant plus une force que de s&#8217;appuyer sur des <strong>experts dans leur domaine de comp\u00e9tences<\/strong>. Cette synergie apporte du <strong>professionnalisme, un gain de temps<\/strong> et permet d&#8217;obtenir une <strong>qualit\u00e9 sup\u00e9rieure<\/strong> sur chaque projet. Il en ressort ainsi des <strong>collaborations productives et riches en \u00e9changes<\/strong>.<\/span><\/div><\/div><\/div>[\/vc_column][\/vc_row][vc_row][vc_column width=&#8221;1\/2&#8243;]<div class=\"col-md-6 col-md-height col-md-middle\" style=\"background-image: url(https:\/\/www.atelier-12douze.com\/wp-content\/uploads\/2025\/01\/motifs-AD12-24.png); \"><div class=\"split-box-content \" ><div class=\"padding-30\" >\n<h2>::: Quoi de + ?<\/h2>\n<p><a class=\"btn btn-dark btn-lg margin-top-30\" href=\"https:\/\/www.atelier-12douze.com\/index.php\/la-boite-a-idees\/\">D\u00e9couvrir La Bo\u00eete \u00e0 id\u00e9es<\/a><\/p>\n<p><a class=\"btn btn-primary btn-lg margin-top-30\" href=\"https:\/\/www.atelier-12douze.com\/index.php\/contact\/\">Envie d&#8217;en parler ?!<\/a><\/div><\/div><\/div>[\/vc_column][vc_column width=&#8221;1\/2&#8243;]<div class=\"col-md-6 col-md-height col-md-middle bg-dark bg-image\" style=\"background-image: url(); background-position: 50% 50%;\"><div class=\"contact-info-wrap\"><div class=\"contact-info\"><p><i class=\"fa fa-home\"><\/i> 11 avenue Saint Roch - 38000 GRENOBLE<\/p><p><i class=\"fa fa-phone\"><\/i> 0603496479<\/p><p><i class=\"fa fa-envelope\"><\/i> email: <a href=\"mailto:contact@atelier-12douze.com\">contact@atelier-12douze.com<\/a><\/p><\/div><div class=\"social-buttons margin-top-20\"><ul><li><a href=\"https:\/\/www.instagram.com\/atelier12douze\" target=\"_blank\" class=\"btn btn-social-min btn-primary-bordered btn-rounded-full\"><i class=\"fab fa-instagram\"><\/i><\/a><\/li><li><a href=\"https:\/\/www.facebook.com\/atelier12douze\/\" target=\"_blank\" class=\"btn btn-social-min btn-primary-bordered btn-rounded-full\"><i class=\"fab fa-facebook\"><\/i><\/a><\/li><li><a href=\"mailto:contact@atelier-12douze.com\" class=\"btn btn-social-min btn-primary-bordered btn-rounded-full\"><i class=\"fa fa-envelope\"><\/i><\/a><\/li><\/ul><\/div><\/div><\/div>[\/vc_column][\/vc_row]\n","protected":false},"excerpt":{"rendered":"<p>[vc_row][vc_column width=&#8221;1\/2&#8243;][\/vc_column][vc_column width=&#8221;1\/2&#8243;][\/vc_column][\/vc_row][vc_row][vc_column width=&#8221;1\/2&#8243;][\/vc_column][vc_column width=&#8221;1\/2&#8243;][\/vc_column][\/vc_row][vc_row][vc_column width=&#8221;1\/2&#8243;][\/vc_column][vc_column width=&#8221;1\/2&#8243;][\/vc_column][\/vc_row][vc_row][vc_column width=&#8221;1\/2&#8243;][\/vc_column][vc_column width=&#8221;1\/2&#8243;][\/vc_column][\/vc_row]<\/p>\n","protected":false},"author":1,"featured_media":1392,"parent":0,"menu_order":23,"comment_status":"closed","ping_status":"closed","template":"","meta":{"footnotes":""},"class_list":["post-181","page","type-page","status-publish","has-post-thumbnail","hentry"],"_links":{"self":[{"href":"https:\/\/www.atelier-12douze.com\/index.php\/wp-json\/wp\/v2\/pages\/181","targetHints":{"allow":["GET"]}}],"collection":[{"href":"https:\/\/www.atelier-12douze.com\/index.php\/wp-json\/wp\/v2\/pages"}],"about":[{"href":"https:\/\/www.atelier-12douze.com\/index.php\/wp-json\/wp\/v2\/types\/page"}],"author":[{"embeddable":true,"href":"https:\/\/www.atelier-12douze.com\/index.php\/wp-json\/wp\/v2\/users\/1"}],"replies":[{"embeddable":true,"href":"https:\/\/www.atelier-12douze.com\/index.php\/wp-json\/wp\/v2\/comments?post=181"}],"version-history":[{"count":70,"href":"https:\/\/www.atelier-12douze.com\/index.php\/wp-json\/wp\/v2\/pages\/181\/revisions"}],"predecessor-version":[{"id":1728,"href":"https:\/\/www.atelier-12douze.com\/index.php\/wp-json\/wp\/v2\/pages\/181\/revisions\/1728"}],"wp:featuredmedia":[{"embeddable":true,"href":"https:\/\/www.atelier-12douze.com\/index.php\/wp-json\/wp\/v2\/media\/1392"}],"wp:attachment":[{"href":"https:\/\/www.atelier-12douze.com\/index.php\/wp-json\/wp\/v2\/media?parent=181"}],"curies":[{"name":"wp","href":"https:\/\/api.w.org\/{rel}","templated":true}]}}